{"id":22,"date":"2013-05-03T14:18:32","date_gmt":"2013-05-03T12:18:32","guid":{"rendered":"http:\/\/www.multiker.hu\/ravaszok\/?page_id=22"},"modified":"2015-10-10T11:21:08","modified_gmt":"2015-10-10T09:21:08","slug":"referenciak","status":"publish","type":"page","link":"http:\/\/www.ravaszok.hu\/?page_id=22","title":{"rendered":"Referenci\u00e1k"},"content":{"rendered":"<div>\n<div>\n<h2><\/h2>\n<h2><strong>T\u00e1vk\u00f6zl\u00e9stechnika<\/strong><\/h2>\n<p><span style=\"font-size: small;\">\u2022 <strong>M\u00c1V Zrt. \u00e9s GySEV Zrt. GSM-R projekt (MVM OVIT Zrt. &#8211; MetalCom Zrt.)<\/strong><strong>\u00a0\u00a0 \u00a0\u00a0 \u00a0\u00a0\u00a0\u00a0\u00a0\u00a0\u00a0\u00a0\u00a0\u00a0\u00a0\u00a0\u00a0\u00a0\u00a0\u00a0\u00a0\u00a0\u00a0\u00a0\u00a0\u00a0\u00a0\u00a0\u00a0\u00a0\u00a0\u00a0\u00a0\u00a0\u00a0\u00a0\u00a0\u00a0 <\/strong>Teljes k\u00f6r\u0171 munkav\u00e9delem\/Munkav\u00e9delmi koordin\u00e1l\u00e1s, T\u0171zv\u00e9delem, K\u00f6rnyezetv\u00e9delem <\/span><\/p>\n<\/div>\n<div>\n<h2>\u00a0<strong>F\u00e9mipar<\/strong><\/h2>\n<p>\u2022\u00a0<strong>ALTRAD alucon Kft. <\/strong>(<span style=\"font-size: small;\">H\u00f3dmez\u0151v\u00e1s\u00e1rhely) &#8211; Teljes k\u00f6r\u0171 munkav\u00e9delem, Emel\u0151g\u00e9p \u00fcgyint\u00e9z\u00e9s, T\u0171zv\u00e9delem, K\u00f6rnyezetv\u00e9delem<\/span><\/p>\n<p>\u2022 <span style=\"font-size: small;\"><strong>ALUSTART F\u00e9nyrekl\u00e1m Kft.<\/strong> (H\u00f3dmez\u0151v\u00e1s\u00e1rhely) &#8211; Teljes k\u00f6r\u0171 munkav\u00e9delem, Emel\u0151g\u00e9p \u00fcgyint\u00e9z\u00e9s, T\u0171zv\u00e9delem, K\u00f6rnyezetv\u00e9delem<\/span><\/p>\n<p>\u2022 <strong>STRULIK Zrt.<\/strong><span style=\"font-size: small;\"> (H\u00f3dmez\u0151v\u00e1s\u00e1rhely) &#8211; Teljes k\u00f6r\u0171 munkav\u00e9delem, Emel\u0151g\u00e9p \u00fcgyint\u00e9z\u00e9s, T\u0171zv\u00e9delem, K\u00f6rnyezetv\u00e9delem<\/span><\/p>\n<p>&nbsp;<\/p>\n<h2><strong>Faipar<\/strong><\/h2>\n<p>\u2022\u00a0<span style=\"font-size: small;\"><strong>SK Asztalos-, \u00c9p\u00edt\u0151ipari \u00e9s Kereskedelmi Kft.<\/strong> (H\u00f3dmez\u0151v\u00e1s\u00e1rhely) &#8211; Teljes k\u00f6r\u0171 munkav\u00e9delem, T\u0171zv\u00e9delem, K\u00f6rnyezetv\u00e9delem<\/span><\/p>\n<\/div>\n<div>\n<p>\u2022<strong> BALOG ANTAL asztalos<\/strong><span style=\"font-size: small;\"> (Szentes) &#8211; Teljes k\u00f6r\u0171 munkav\u00e9delem, T\u0171zv\u00e9delem, K\u00f6rnyezetv\u00e9delem<\/span><\/p>\n<p>&nbsp;<\/p>\n<h2><strong>M\u0171anyagipar<\/strong><\/h2>\n<p>\u2022<strong> PLASTO BALL Kft.<\/strong> (Szarvas) &#8211; Teljes k\u00f6r\u0171 munkav\u00e9delem, Emel\u0151g\u00e9p \u00fcgyint\u00e9z\u00e9s, T\u0171zv\u00e9delem, K\u00f6rnyezetv\u00e9delem<\/p>\n<p>\u2022 <strong>I&amp;D Promould <\/strong>(Mindszent) &#8211; Teljes k\u00f6r\u0171 munkav\u00e9delem, T\u0171zv\u00e9delem<\/p>\n<p>&nbsp;<\/p>\n<h2><strong>\u00c9lelmiszeripar<\/strong><\/h2>\n<p>\u2022\u00a0<strong>SZENTESI KENY\u00c9R Kft. &#8211; Francia P\u00e9ks\u00e9g<\/strong> (Szentes) &#8211; Teljes k\u00f6r\u0171 munkav\u00e9delem, T\u0171zv\u00e9delem, K\u00f6rnyezetv\u00e9delem<\/p>\n<p>\u2022 <strong>K\u00c9SZ-P\u00c9NZ Kft.<\/strong> \u201eRe\u00e1l \u00c9lelmiszer\u201d \u00fczletl\u00e1nc (H\u00f3dmez\u0151v\u00e1s\u00e1rhely) &#8211; Teljes k\u00f6r\u0171 munkav\u00e9delem, Emel\u0151g\u00e9p \u00fcgyint\u00e9z\u00e9s, T\u0171zv\u00e9delem, K\u00f6rnyezetv\u00e9delem<span style=\"text-decoration: underline;\"><br \/>\n<\/span><\/p>\n<p>&nbsp;<\/p>\n<h2><strong>\u00c9p\u00edt\u0151ipar<\/strong><\/h2>\n<p>\u2022<strong> AUTARK Kft.<\/strong> (Szentes) &#8211; Teljes k\u00f6r\u0171 munkav\u00e9delem, Emel\u0151g\u00e9p \u00fcgyint\u00e9z\u00e9s, T\u0171zv\u00e9delem, K\u00f6rnyezetv\u00e9delem<\/p>\n<p>\u2022 <strong>D-TRIO-07 Kft.<\/strong> (Szentes) &#8211; Teljes k\u00f6r\u0171 munkav\u00e9delem,\u00a0 T\u0171zv\u00e9delem, K\u00f6rnyezetv\u00e9delem<\/p>\n<p>\u2022 <strong>FEH\u00c9R &amp; FEH\u00c9R \u00dat\u00e9p\u00edt\u0151 Kft.<\/strong> (Orosh\u00e1za, Szentes) &#8211; Teljes k\u00f6r\u0171 munkav\u00e9delem, Emel\u0151g\u00e9p \u00fcgyint\u00e9z\u00e9s, T\u0171zv\u00e9delem<span style=\"text-decoration: underline;\"><br \/>\n<\/span><\/p>\n<p>&nbsp;<\/p>\n<h2><strong>\u00c9p\u00fcletg\u00e9p\u00e9szet<\/strong><\/h2>\n<p>\u2022 <strong>CS\u0150SZER-KOMPLETT Kft.<\/strong> (Szentes) &#8211; Teljes k\u00f6r\u0171 munkav\u00e9delem, T\u0171zv\u00e9delem<span style=\"text-decoration: underline;\"><br \/>\n<\/span><\/p>\n<p>&nbsp;<\/p>\n<h2><strong>Mez\u0151gazdas\u00e1g<\/strong><\/h2>\n<p>\u2022<strong> H\u00d3DMEZ\u0150GAZDA Zrt.<\/strong> (H\u00f3dmez\u0151v\u00e1s\u00e1rhely) &#8211; Teljes k\u00f6r\u0171 munkav\u00e9delem, Emel\u0151g\u00e9p \u00fcgyint\u00e9z\u00e9s, T\u0171zv\u00e9delem<\/p>\n<p>\u2022 <strong>GORZSAI Mez\u0151gazdas\u00e1gi Zrt.<\/strong> (H\u00f3dmez\u0151v\u00e1s\u00e1rhely) &#8211; Teljes k\u00f6r\u0171 munkav\u00e9delem, Emel\u0151g\u00e9p \u00fcgyint\u00e9z\u00e9s, T\u0171zv\u00e9delem<\/p>\n<p>\u2022 <strong>CSONGR\u00c1DI PRIM\u0150R Kft.<\/strong> (Csongr\u00e1d) &#8211; Teljes k\u00f6r\u0171 munkav\u00e9delem, T\u0171zv\u00e9delem<span style=\"text-decoration: underline;\"><br \/>\n<\/span><\/p>\n<p>\u2022 <strong>V\u00e1s\u00e1rhelyi R\u00d3NA Kft.<\/strong> (H\u00f3dmez\u0151v\u00e1s\u00e1rhely) &#8211; Teljes k\u00f6r\u0171 munkav\u00e9delem, T\u0171zv\u00e9delem<span style=\"text-decoration: underline;\"><br \/>\n<\/span><\/p>\n<h2><\/h2>\n<h2><strong>Rakt\u00e1roz\u00e1s<\/strong><strong><br \/>\n<\/strong><\/h2>\n<p>\u2022\u00a0<strong>PharmaTan Kft.<\/strong> (Csongr\u00e1d)\u00a0 -Teljes k\u00f6r\u0171 munkav\u00e9delem, Emel\u0151g\u00e9p \u00fcgyint\u00e9z\u00e9s, T\u0171zv\u00e9delem<\/p>\n<p>&nbsp;<\/p>\n<h2><strong>Hullad\u00e9kkezel\u00e9s<\/strong><\/h2>\n<p>\u2022\u00a0<strong>RESTONE Kft.<\/strong> (Kunszentm\u00e1rton-Szelev\u00e9ny, Szolnok) &#8211; Teljes k\u00f6r\u0171 munkav\u00e9delem, Emel\u0151g\u00e9p \u00fcgyint\u00e9z\u00e9s, T\u0171zv\u00e9delem<\/p>\n<p>&nbsp;<\/p>\n<h2><strong>G\u00e9pkocsi szerviz<\/strong><\/h2>\n<p>\u2022 <strong>BAL\u00c1ZS Gumi \u00e9s Aut\u00f3ker Kft.<\/strong> (H\u00f3dmez\u0151v\u00e1s\u00e1rhely) &#8211; Teljes k\u00f6r\u0171 munkav\u00e9delem, Emel\u0151g\u00e9p \u00fcgyint\u00e9z\u00e9s, T\u0171zv\u00e9delem, K\u00f6rnyezetv\u00e9delem<\/p>\n<p>\u2022 <strong>BUDAFER-Aut\u00f3 Kft. &#8211; Suzuki <\/strong>(Szentes) &#8211; Teljes k\u00f6r\u0171 munkav\u00e9delem, T\u0171zv\u00e9delem<\/p>\n<p>\u2022 <strong>AUT\u00d3SZERV\u00cdZ\u00a0 &#8217;96 Kft. &#8211; Suzuki<\/strong> (H\u00f3dmez\u0151v\u00e1s\u00e1rhely) &#8211; Teljes k\u00f6r\u0171 munkav\u00e9delem, T\u0171zv\u00e9delem<\/p>\n<\/div>\n<\/div>\n","protected":false},"excerpt":{"rendered":"<p>T\u00e1vk\u00f6zl\u00e9stechnika \u2022 M\u00c1V Zrt. \u00e9s GySEV Zrt. GSM-R projekt (MVM OVIT Zrt. &#8211; MetalCom Zrt.)\u00a0\u00a0 \u00a0\u00a0 \u00a0\u00a0\u00a0\u00a0\u00a0\u00a0\u00a0\u00a0\u00a0\u00a0\u00a0\u00a0\u00a0\u00a0\u00a0\u00a0\u00a0\u00a0\u00a0\u00a0\u00a0\u00a0\u00a0\u00a0\u00a0\u00a0\u00a0\u00a0\u00a0\u00a0\u00a0\u00a0\u00a0\u00a0 Teljes k\u00f6r\u0171 munkav\u00e9delem\/Munkav\u00e9delmi koordin\u00e1l\u00e1s, T\u0171zv\u00e9delem, K\u00f6rnyezetv\u00e9delem \u00a0F\u00e9mipar \u2022\u00a0ALTRAD alucon Kft. (H\u00f3dmez\u0151v\u00e1s\u00e1rhely) &#8211; Teljes k\u00f6r\u0171 munkav\u00e9delem, Emel\u0151g\u00e9p \u00fcgyint\u00e9z\u00e9s, T\u0171zv\u00e9delem, K\u00f6rnyezetv\u00e9delem \u2022 ALUSTART F\u00e9nyrekl\u00e1m Kft. &hellip; <a href=\"http:\/\/www.ravaszok.hu\/?page_id=22\">Egy kattint\u00e1s ide a folytat\u00e1shoz&#8230;. <span class=\"meta-nav\">&rarr;<\/span><\/a><\/p>\n","protected":false},"author":1,"featured_media":0,"parent":0,"menu_order":0,"comment_status":"closed","ping_status":"closed","template":"","meta":{"footnotes":""},"_links":{"self":[{"href":"http:\/\/www.ravaszok.hu\/index.php?rest_route=\/wp\/v2\/pages\/22"}],"collection":[{"href":"http:\/\/www.ravaszok.hu\/index.php?rest_route=\/wp\/v2\/pages"}],"about":[{"href":"http:\/\/www.ravaszok.hu\/index.php?rest_route=\/wp\/v2\/types\/page"}],"author":[{"embeddable":true,"href":"http:\/\/www.ravaszok.hu\/index.php?rest_route=\/wp\/v2\/users\/1"}],"replies":[{"embeddable":true,"href":"http:\/\/www.ravaszok.hu\/index.php?rest_route=%2Fwp%2Fv2%2Fcomments&post=22"}],"version-history":[{"count":16,"href":"http:\/\/www.ravaszok.hu\/index.php?rest_route=\/wp\/v2\/pages\/22\/revisions"}],"predecessor-version":[{"id":699,"href":"http:\/\/www.ravaszok.hu\/index.php?rest_route=\/wp\/v2\/pages\/22\/revisions\/699"}],"wp:attachment":[{"href":"http:\/\/www.ravaszok.hu\/index.php?rest_route=%2Fwp%2Fv2%2Fmedia&parent=22"}],"curies":[{"name":"wp","href":"https:\/\/api.w.org\/{rel}","templated":true}]}}