{"id":2,"date":"2013-05-03T11:55:31","date_gmt":"2013-05-03T09:55:31","guid":{"rendered":"http:\/\/www.multiker.hu\/ravaszok\/?page_id=2"},"modified":"2015-10-09T16:51:27","modified_gmt":"2015-10-09T14:51:27","slug":"ez-egy-minta-oldal","status":"publish","type":"page","link":"http:\/\/www.ravaszok.hu\/?page_id=2","title":{"rendered":"Bemutatkoz\u00e1s"},"content":{"rendered":"<p>Munk\u00e1nk seg\u00edt eligazodni a munkav\u00e9delmi el\u0151\u00edr\u00e1sok, k\u00f6vetelm\u00e9nyek megismer\u00e9s\u00e9ben<br \/>\n\u00e9s betart\u00e1s\u00e1ban, hogy k\u00f6z\u00f6sen megteremts\u00fck az eg\u00e9szs\u00e9get nem vesz\u00e9lyeztet\u0151 biztons\u00e1gos munkav\u00e9gz\u00e9s felt\u00e9teleit.<\/p>\n<h3><strong>Ravasz L\u00e1szl\u00f3<\/strong> &#8211; Munkav\u00e9delmi technikus<strong><br \/>\n<\/strong><\/h3>\n<p>21 \u00e9vig volt munkav\u00e9delmi vezet\u0151 a M\u00c1V Vontat\u00e1si F\u0151n\u00f6ks\u00e9g Szentesi kirendelts\u00e9gn\u00e9l, majd 1989-t\u0151l munkav\u00e9delmi v\u00e1llalkoz\u00f3 k\u00f6z\u00e9p- illetve nagyv\u00e1llalatokn\u00e1l, v\u00e1llakoz\u00e1sokn\u00e1l Csongr\u00e1d megy\u00e9ben \u00e9s a k\u00f6rnyez\u0151 megy\u00e9kben.<\/p>\n<h3><strong>Ravasz G\u00e1bor<\/strong> &#8211; Munkav\u00e9delmi technikus, Emel\u0151g\u00e9p \u00fcgyint\u00e9z\u0151, T\u0171zv\u00e9delmi el\u0151ad\u00f3<strong><br \/>\n<\/strong><\/h3>\n<p>2002-ben k\u00f6z\u00e9pfok\u00fa munkav\u00e9delmi, majd 2005-ben emel\u0151g\u00e9p-\u00fcgyint\u00e9z\u0151<br \/>\n\u00e9s 2006-ban k\u00f6z\u00e9pfok\u00fa t\u0171zv\u00e9delmi el\u0151ad\u00f3i technikumot v\u00e9gzett.<\/p>\n<h3><strong>Ravasz Voz\u00e1r D\u00f3ra<\/strong> &#8211; Munkav\u00e9delmi technikus<\/h3>\n<h3><strong>Ravasz P\u00e9ter<\/strong> &#8211; Munkav\u00e9delmi technikus<\/h3>\n<h3><strong>Ravaszn\u00e9 Izsold Ildik\u00f3<\/strong> &#8211; K\u00f6rnyezet- \u00e9s hidrotechnol\u00f3gus<strong><br \/>\n<\/strong><\/h3>\n<p>&nbsp;<\/p>\n<p><em>A csal\u00e1di v\u00e1llalkoz\u00e1sunk a k\u00fcl\u00f6nb\u00f6z\u0151 technol\u00f3gi\u00e1kban j\u00e1ratos munkav\u00e9delmi, t\u0171zv\u00e9delmi, emel\u0151g\u00e9p-\u00fcgyint\u00e9z\u00e9s \u00e9s k\u00f6rnyezetv\u00e9delmi szolg\u00e1ltat\u00e1st tud \u00f6nnek ny\u00fajtani, naprak\u00e9sz szak\u00e9rtelemmel.<\/em><\/p>\n<p><em>Tev\u00e9kenys\u00e9g\u00fcnket folyamatosan fejlesztj\u00fck, hogy mind magasabb sz\u00ednvonalon<\/em><br \/>\n<em> m\u0171k\u00f6dhess\u00fcnk \u00d6n\u00f6kkel egy\u00fctt a munkav\u00e9delem, t\u0171zv\u00e9delem \u00e9s k\u00f6rnyezetv\u00e9delem ter\u00fcletein.<\/em><\/p>\n","protected":false},"excerpt":{"rendered":"<p>Munk\u00e1nk seg\u00edt eligazodni a munkav\u00e9delmi el\u0151\u00edr\u00e1sok, k\u00f6vetelm\u00e9nyek megismer\u00e9s\u00e9ben \u00e9s betart\u00e1s\u00e1ban, hogy k\u00f6z\u00f6sen megteremts\u00fck az eg\u00e9szs\u00e9get nem vesz\u00e9lyeztet\u0151 biztons\u00e1gos munkav\u00e9gz\u00e9s felt\u00e9teleit. Ravasz L\u00e1szl\u00f3 &#8211; Munkav\u00e9delmi technikus 21 \u00e9vig volt munkav\u00e9delmi vezet\u0151 a M\u00c1V Vontat\u00e1si F\u0151n\u00f6ks\u00e9g Szentesi kirendelts\u00e9gn\u00e9l, majd 1989-t\u0151l munkav\u00e9delmi v\u00e1llalkoz\u00f3 &hellip; <a href=\"http:\/\/www.ravaszok.hu\/?page_id=2\">Egy kattint\u00e1s ide a folytat\u00e1shoz&#8230;. <span class=\"meta-nav\">&rarr;<\/span><\/a><\/p>\n","protected":false},"author":1,"featured_media":0,"parent":0,"menu_order":0,"comment_status":"closed","ping_status":"closed","template":"","meta":{"footnotes":""},"_links":{"self":[{"href":"http:\/\/www.ravaszok.hu\/index.php?rest_route=\/wp\/v2\/pages\/2"}],"collection":[{"href":"http:\/\/www.ravaszok.hu\/index.php?rest_route=\/wp\/v2\/pages"}],"about":[{"href":"http:\/\/www.ravaszok.hu\/index.php?rest_route=\/wp\/v2\/types\/page"}],"author":[{"embeddable":true,"href":"http:\/\/www.ravaszok.hu\/index.php?rest_route=\/wp\/v2\/users\/1"}],"replies":[{"embeddable":true,"href":"http:\/\/www.ravaszok.hu\/index.php?rest_route=%2Fwp%2Fv2%2Fcomments&post=2"}],"version-history":[{"count":7,"href":"http:\/\/www.ravaszok.hu\/index.php?rest_route=\/wp\/v2\/pages\/2\/revisions"}],"predecessor-version":[{"id":686,"href":"http:\/\/www.ravaszok.hu\/index.php?rest_route=\/wp\/v2\/pages\/2\/revisions\/686"}],"wp:attachment":[{"href":"http:\/\/www.ravaszok.hu\/index.php?rest_route=%2Fwp%2Fv2%2Fmedia&parent=2"}],"curies":[{"name":"wp","href":"https:\/\/api.w.org\/{rel}","templated":true}]}}