{"id":18,"date":"2013-05-03T14:15:56","date_gmt":"2013-05-03T12:15:56","guid":{"rendered":"http:\/\/www.multiker.hu\/ravaszok\/?page_id=18"},"modified":"2013-07-15T19:09:55","modified_gmt":"2013-07-15T17:09:55","slug":"emelogep-ugyintezeskor","status":"publish","type":"page","link":"http:\/\/www.ravaszok.hu\/?page_id=18","title":{"rendered":"Emel\u0151g\u00e9p \u00fcgyint\u00e9z\u00e9skor"},"content":{"rendered":"<p>\u2022\u00a0A 47\/1999. (VIII. 4.) GM rendelet Emel\u0151g\u00e9p Biztons\u00e1gi Szab\u00e1lyzat kiad\u00e1s\u00e1r\u00f3l sz\u00f3l\u00f3 rendelet alapj\u00e1n, elv\u00e9gezz\u00fck a haszn\u00e1latba v\u00e9tel el\u0151tti munkabiztons\u00e1gi ellen\u0151rz\u00e9seket, az \u00fczembe-helyez\u00e9si elj\u00e1r\u00e1sokat.<\/p>\n<p>\u2022 Elk\u00e9sz\u00edtj\u00fck a v\u00e1llalat g\u00e9pi hajt\u00e1s\u00fa emel\u0151g\u00e9peinek id\u0151szakos<br \/>\nvizsg\u00e1lat\u00e1nak \u00e9ves \u00fctemterv\u00e9t.<\/p>\n<p>\u2022 Elk\u00e9sz\u00edtj\u00fck \u00e9s ellen\u0151rizz\u00fck az \u00fctemtervben el\u0151\u00edrt szerkezeti vizsg\u00e1latok\u00a0v\u00e9grehajt\u00e1s\u00e1t.<\/p>\n<p>\u2022\u00a0Sz\u00far\u00f3pr\u00f3baszer\u0171en ellen\u0151rizz\u00fck a v\u00e1llalat emel\u0151g\u00e9peinek m\u0171szaki \u00e1llapot\u00e1t. A nem megfelel\u0151 m\u0171szaki \u00e1llapot\u00fa emel\u0151g\u00e9pek \u00fczemel\u00e9s\u00e9t le\u00e1ll\u00edthatjuk.<\/p>\n<p>\u2022 Az \u00faj, a jav\u00edt\u00e1s ut\u00e1ni \u00e9s f\u0151vizsg\u00e1latok alkalm\u00e1val megfelel\u0151nek min\u0151s\u00edtett emel\u0151g\u00e9pek \u00fczemeltet\u00e9s\u00e9t enged\u00e9lyezz\u00fck.<\/p>\n","protected":false},"excerpt":{"rendered":"<p>\u2022\u00a0A 47\/1999. (VIII. 4.) GM rendelet Emel\u0151g\u00e9p Biztons\u00e1gi Szab\u00e1lyzat kiad\u00e1s\u00e1r\u00f3l sz\u00f3l\u00f3 rendelet alapj\u00e1n, elv\u00e9gezz\u00fck a haszn\u00e1latba v\u00e9tel el\u0151tti munkabiztons\u00e1gi ellen\u0151rz\u00e9seket, az \u00fczembe-helyez\u00e9si elj\u00e1r\u00e1sokat. \u2022 Elk\u00e9sz\u00edtj\u00fck a v\u00e1llalat g\u00e9pi hajt\u00e1s\u00fa emel\u0151g\u00e9peinek id\u0151szakos vizsg\u00e1lat\u00e1nak \u00e9ves \u00fctemterv\u00e9t. \u2022 Elk\u00e9sz\u00edtj\u00fck \u00e9s ellen\u0151rizz\u00fck az \u00fctemtervben &hellip; <a href=\"http:\/\/www.ravaszok.hu\/?page_id=18\">Egy kattint\u00e1s ide a folytat\u00e1shoz&#8230;. <span class=\"meta-nav\">&rarr;<\/span><\/a><\/p>\n","protected":false},"author":1,"featured_media":0,"parent":0,"menu_order":0,"comment_status":"closed","ping_status":"closed","template":"","meta":{"footnotes":""},"_links":{"self":[{"href":"http:\/\/www.ravaszok.hu\/index.php?rest_route=\/wp\/v2\/pages\/18"}],"collection":[{"href":"http:\/\/www.ravaszok.hu\/index.php?rest_route=\/wp\/v2\/pages"}],"about":[{"href":"http:\/\/www.ravaszok.hu\/index.php?rest_route=\/wp\/v2\/types\/page"}],"author":[{"embeddable":true,"href":"http:\/\/www.ravaszok.hu\/index.php?rest_route=\/wp\/v2\/users\/1"}],"replies":[{"embeddable":true,"href":"http:\/\/www.ravaszok.hu\/index.php?rest_route=%2Fwp%2Fv2%2Fcomments&post=18"}],"version-history":[{"count":4,"href":"http:\/\/www.ravaszok.hu\/index.php?rest_route=\/wp\/v2\/pages\/18\/revisions"}],"predecessor-version":[{"id":344,"href":"http:\/\/www.ravaszok.hu\/index.php?rest_route=\/wp\/v2\/pages\/18\/revisions\/344"}],"wp:attachment":[{"href":"http:\/\/www.ravaszok.hu\/index.php?rest_route=%2Fwp%2Fv2%2Fmedia&parent=18"}],"curies":[{"name":"wp","href":"https:\/\/api.w.org\/{rel}","templated":true}]}}